{"id":757,"date":"2013-01-06T12:56:40","date_gmt":"2013-01-06T12:56:40","guid":{"rendered":"http:\/\/www.meine-youngtimer.de\/?page_id=757"},"modified":"2013-01-08T19:57:36","modified_gmt":"2013-01-08T19:57:36","slug":"september-2010-nurburgring","status":"publish","type":"page","link":"https:\/\/www.meine-youngtimer.de\/?page_id=757","title":{"rendered":"2010 N\u00fcrburgring"},"content":{"rendered":"<p><strong>N\u00fcrburgring Nordschleife, September 2010 in N\u00fcrburg (Eifel)<\/strong><\/p>\n<p><img loading=\"lazy\" decoding=\"async\" width=\"500\" height=\"375\" src=\"http:\/\/www.meine-youngtimer.de\/wp-content\/uploads\/157.jpg\"  title=\"\" class=\"alignnone size-full wp-image-789\" srcset=\"https:\/\/meine-youngtimer.de\/wp-content\/uploads\/157.jpg 500w, https:\/\/meine-youngtimer.de\/wp-content\/uploads\/157-300x225.jpg 300w\" sizes=\"auto, (max-width: 500px) 100vw, 500px\" \/><br \/>\n<img loading=\"lazy\" decoding=\"async\" width=\"500\" height=\"375\" src=\"http:\/\/www.meine-youngtimer.de\/wp-content\/uploads\/238.jpg\"  title=\"\" class=\"alignnone size-full wp-image-790\" srcset=\"https:\/\/meine-youngtimer.de\/wp-content\/uploads\/238.jpg 500w, https:\/\/meine-youngtimer.de\/wp-content\/uploads\/238-300x225.jpg 300w\" sizes=\"auto, (max-width: 500px) 100vw, 500px\" \/><br \/>\n<img loading=\"lazy\" decoding=\"async\" width=\"500\" height=\"375\" src=\"http:\/\/www.meine-youngtimer.de\/wp-content\/uploads\/336.jpg\"  title=\"\" class=\"alignnone size-full wp-image-791\" srcset=\"https:\/\/meine-youngtimer.de\/wp-content\/uploads\/336.jpg 500w, https:\/\/meine-youngtimer.de\/wp-content\/uploads\/336-300x225.jpg 300w\" sizes=\"auto, (max-width: 500px) 100vw, 500px\" \/><br \/>\n<img loading=\"lazy\" decoding=\"async\" width=\"500\" height=\"375\" src=\"http:\/\/www.meine-youngtimer.de\/wp-content\/uploads\/432.jpg\"  title=\"\" class=\"alignnone size-full wp-image-792\" srcset=\"https:\/\/meine-youngtimer.de\/wp-content\/uploads\/432.jpg 500w, https:\/\/meine-youngtimer.de\/wp-content\/uploads\/432-300x225.jpg 300w\" sizes=\"auto, (max-width: 500px) 100vw, 500px\" \/><br \/>\n<img loading=\"lazy\" decoding=\"async\" width=\"500\" height=\"375\" src=\"http:\/\/www.meine-youngtimer.de\/wp-content\/uploads\/526.jpg\"  title=\"\" class=\"alignnone size-full wp-image-793\" srcset=\"https:\/\/meine-youngtimer.de\/wp-content\/uploads\/526.jpg 500w, https:\/\/meine-youngtimer.de\/wp-content\/uploads\/526-300x225.jpg 300w\" sizes=\"auto, (max-width: 500px) 100vw, 500px\" \/><br \/>\n<img loading=\"lazy\" decoding=\"async\" width=\"500\" height=\"375\" src=\"http:\/\/www.meine-youngtimer.de\/wp-content\/uploads\/623.jpg\"  title=\"\" class=\"alignnone size-full wp-image-794\" srcset=\"https:\/\/meine-youngtimer.de\/wp-content\/uploads\/623.jpg 500w, https:\/\/meine-youngtimer.de\/wp-content\/uploads\/623-300x225.jpg 300w\" sizes=\"auto, (max-width: 500px) 100vw, 500px\" \/><br \/>\n<img loading=\"lazy\" decoding=\"async\" width=\"500\" height=\"375\" src=\"http:\/\/www.meine-youngtimer.de\/wp-content\/uploads\/720.jpg\"  title=\"\" class=\"alignnone size-full wp-image-795\" srcset=\"https:\/\/meine-youngtimer.de\/wp-content\/uploads\/720.jpg 500w, https:\/\/meine-youngtimer.de\/wp-content\/uploads\/720-300x225.jpg 300w\" sizes=\"auto, (max-width: 500px) 100vw, 500px\" \/><br \/>\n<img loading=\"lazy\" decoding=\"async\" width=\"500\" height=\"375\" src=\"http:\/\/www.meine-youngtimer.de\/wp-content\/uploads\/813.jpg\"  title=\"\" class=\"alignnone size-full wp-image-796\" srcset=\"https:\/\/meine-youngtimer.de\/wp-content\/uploads\/813.jpg 500w, https:\/\/meine-youngtimer.de\/wp-content\/uploads\/813-300x225.jpg 300w\" sizes=\"auto, (max-width: 500px) 100vw, 500px\" \/><br \/>\n<img loading=\"lazy\" decoding=\"async\" width=\"500\" height=\"375\" src=\"http:\/\/www.meine-youngtimer.de\/wp-content\/uploads\/912.jpg\"  title=\"\" class=\"alignnone size-full wp-image-797\" srcset=\"https:\/\/meine-youngtimer.de\/wp-content\/uploads\/912.jpg 500w, https:\/\/meine-youngtimer.de\/wp-content\/uploads\/912-300x225.jpg 300w\" sizes=\"auto, (max-width: 500px) 100vw, 500px\" \/><\/p>\n","protected":false},"excerpt":{"rendered":"<p>N\u00fcrburgring Nordschleife, September 2010 in N\u00fcrburg (Eifel)<\/p>\n","protected":false},"author":1,"featured_media":0,"parent":0,"menu_order":0,"comment_status":"open","ping_status":"open","template":"full-width.php","meta":{"footnotes":""},"class_list":["post-757","page","type-page","status-publish","hentry"],"_links":{"self":[{"href":"https:\/\/www.meine-youngtimer.de\/index.php?rest_route=\/wp\/v2\/pages\/757","targetHints":{"allow":["GET"]}}],"collection":[{"href":"https:\/\/www.meine-youngtimer.de\/index.php?rest_route=\/wp\/v2\/pages"}],"about":[{"href":"https:\/\/www.meine-youngtimer.de\/index.php?rest_route=\/wp\/v2\/types\/page"}],"author":[{"embeddable":true,"href":"https:\/\/www.meine-youngtimer.de\/index.php?rest_route=\/wp\/v2\/users\/1"}],"replies":[{"embeddable":true,"href":"https:\/\/www.meine-youngtimer.de\/index.php?rest_route=%2Fwp%2Fv2%2Fcomments&post=757"}],"version-history":[{"count":9,"href":"https:\/\/www.meine-youngtimer.de\/index.php?rest_route=\/wp\/v2\/pages\/757\/revisions"}],"predecessor-version":[{"id":997,"href":"https:\/\/www.meine-youngtimer.de\/index.php?rest_route=\/wp\/v2\/pages\/757\/revisions\/997"}],"wp:attachment":[{"href":"https:\/\/www.meine-youngtimer.de\/index.php?rest_route=%2Fwp%2Fv2%2Fmedia&parent=757"}],"curies":[{"name":"wp","href":"https:\/\/api.w.org\/{rel}","templated":true}]}}