{"id":217,"date":"2012-11-21T20:59:21","date_gmt":"2012-11-21T20:59:21","guid":{"rendered":"http:\/\/www.meine-youngtimer.de\/?page_id=217"},"modified":"2017-09-17T15:41:17","modified_gmt":"2017-09-17T15:41:17","slug":"umbau-audi-90","status":"publish","type":"page","link":"https:\/\/www.meine-youngtimer.de\/?page_id=217","title":{"rendered":"Audi 90 Typ 81"},"content":{"rendered":"<p>Kaufdatum: Oktober 2008<\/p>\n<p>Audi 90, Typ 81, 2.2l KX Motor mit 115 PS, 5 Zylinder werkseitig mit G-Kat, 258000 km, 4x elektrische Fensterheber, elektrische Au\u00dfenspiegel, elektrisches Stahlschiebehubdach, Scheinwerferreinigungsanlage, Bordcomputer, Colorverglasung, 9&#215;16 Azev E Alufelgen mit 215\/40 R16 , Weitec Fahrwerk mit Nutenverstellung, KLR TwinTec, Zentralverriegelung, W\u00e4rmeschutzverglasung, Servolenkung<\/p>\n<p><img loading=\"lazy\" decoding=\"async\" width=\"500\" height=\"375\" src=\"http:\/\/www.meine-youngtimer.de\/wp-content\/uploads\/118.jpg\"  title=\"\" class=\"alignnone size-full wp-image-380\" srcset=\"https:\/\/meine-youngtimer.de\/wp-content\/uploads\/118.jpg 500w, https:\/\/meine-youngtimer.de\/wp-content\/uploads\/118-300x225.jpg 300w\" sizes=\"auto, (max-width: 500px) 100vw, 500px\" \/><br \/>\n<img loading=\"lazy\" decoding=\"async\" width=\"500\" height=\"375\" src=\"http:\/\/www.meine-youngtimer.de\/wp-content\/uploads\/218.jpg\"  title=\"\" class=\"alignnone size-full wp-image-381\" srcset=\"https:\/\/meine-youngtimer.de\/wp-content\/uploads\/218.jpg 500w, https:\/\/meine-youngtimer.de\/wp-content\/uploads\/218-300x225.jpg 300w\" sizes=\"auto, (max-width: 500px) 100vw, 500px\" \/><\/p>\n<p>Im Januar 2009 baute ich rote R\u00fcckleuchten ein, da mir das R\u00fcckleuchtenband des 90er zu langweilig war. Daf\u00fcr wurden au\u00dfen rote Blinkerecken aus einem Audi V8 und rote\/wei\u00dfe Mittelteile vom Audi 100 Sport eingebaut. Das Problem waren nicht die roten V8 Blinkerecken, welche man noch problemlos im Zubeh\u00f6r von Hella bestellen konnte, sondern die seltenen Audi 100 Sport Mittelteile, welche auch bei Audi nicht mehr lieferbar waren. Bei einem Audih\u00e4ndler hatte ich allerdings Gl\u00fcck. Dieser hatte ein linkes neues Mittelteil noch im Regal liegen. Eine sp\u00e4tere Ersatzteilrecherche ergab, dass ein weiterer Audih\u00e4ndler noch eine rechte Seite rumliegen hatte. Diesen kontaktierte ich daraufhin und lie\u00df mir das rechte Mittelteil zusenden. Nach Auskuft des Lagermitarbeiters hatte ich damit die letzten neuen Audi 100 Sport Mittelteile ergattert.<\/p>\n<p>Vorher<br \/>\n<img loading=\"lazy\" decoding=\"async\" width=\"500\" height=\"375\" src=\"http:\/\/www.meine-youngtimer.de\/wp-content\/uploads\/119.jpg\"  title=\"\" class=\"alignnone size-full wp-image-382\" srcset=\"https:\/\/meine-youngtimer.de\/wp-content\/uploads\/119.jpg 500w, https:\/\/meine-youngtimer.de\/wp-content\/uploads\/119-300x225.jpg 300w\" sizes=\"auto, (max-width: 500px) 100vw, 500px\" \/><br \/>\nAusbau des originalen R\u00fcckleuchtenbandes<br \/>\n<img loading=\"lazy\" decoding=\"async\" width=\"500\" height=\"375\" src=\"http:\/\/www.meine-youngtimer.de\/wp-content\/uploads\/219.jpg\"  title=\"\" class=\"alignnone size-full wp-image-383\" srcset=\"https:\/\/meine-youngtimer.de\/wp-content\/uploads\/219.jpg 500w, https:\/\/meine-youngtimer.de\/wp-content\/uploads\/219-300x225.jpg 300w\" sizes=\"auto, (max-width: 500px) 100vw, 500px\" \/><br \/>\nAusbau der originalen Blinkerecken<br \/>\n<img loading=\"lazy\" decoding=\"async\" width=\"500\" height=\"375\" src=\"http:\/\/www.meine-youngtimer.de\/wp-content\/uploads\/318.jpg\"  title=\"\" class=\"alignnone size-full wp-image-384\" srcset=\"https:\/\/meine-youngtimer.de\/wp-content\/uploads\/318.jpg 500w, https:\/\/meine-youngtimer.de\/wp-content\/uploads\/318-300x225.jpg 300w\" sizes=\"auto, (max-width: 500px) 100vw, 500px\" \/><br \/>\nV8 Blinkerecken lie\u00dfen bereits erahnen, wie das Heck aussehen wird<br \/>\n<img loading=\"lazy\" decoding=\"async\" width=\"500\" height=\"375\" src=\"http:\/\/www.meine-youngtimer.de\/wp-content\/uploads\/415.jpg\"  title=\"\" class=\"alignnone size-full wp-image-385\" srcset=\"https:\/\/meine-youngtimer.de\/wp-content\/uploads\/415.jpg 500w, https:\/\/meine-youngtimer.de\/wp-content\/uploads\/415-300x225.jpg 300w\" sizes=\"auto, (max-width: 500px) 100vw, 500px\" \/><br \/>\nV8 Blinkerecken mit Audi 100 Sport Mittelteilen<br \/>\n<img loading=\"lazy\" decoding=\"async\" width=\"500\" height=\"375\" src=\"http:\/\/www.meine-youngtimer.de\/wp-content\/uploads\/511.jpg\"  title=\"\" class=\"alignnone size-full wp-image-386\" srcset=\"https:\/\/meine-youngtimer.de\/wp-content\/uploads\/511.jpg 500w, https:\/\/meine-youngtimer.de\/wp-content\/uploads\/511-300x225.jpg 300w\" sizes=\"auto, (max-width: 500px) 100vw, 500px\" \/><\/p>\n<p>Im M\u00e4rz 2009 wurden mir im Urgewaltforum nagelneue und originalverpackte Votex Felgen (SL330A) angeboten. Sie hatten eine Dimension von 7&#215;15 ET37 und der Stern war in der gleichen Farbe wie der 90er lackiert. Die Felgen passten daher perfekt auf den Audi und das polierte Felgenbett machte sie zugleich zum Hingucker. Immerhin lagen die Felgen knapp 30 Jahre im Originalkarton und hatten somit einen absoluten Seltenheitswert. An jedem Rad wurden 20mm Spurverbreiterung montiert, damit die R\u00e4der relativ b\u00fcndig mit der Kotfl\u00fcgelkante standen. Auch wurden die hinteren D\u00e4mpfer um eine Nut nach unten gesetzt.<\/p>\n<p><img loading=\"lazy\" decoding=\"async\" width=\"500\" height=\"375\" src=\"http:\/\/www.meine-youngtimer.de\/wp-content\/uploads\/120.jpg\"  title=\"\" class=\"alignnone size-full wp-image-388\" srcset=\"https:\/\/meine-youngtimer.de\/wp-content\/uploads\/120.jpg 500w, https:\/\/meine-youngtimer.de\/wp-content\/uploads\/120-300x225.jpg 300w\" sizes=\"auto, (max-width: 500px) 100vw, 500px\" \/><br \/>\n<img loading=\"lazy\" decoding=\"async\" width=\"500\" height=\"375\" src=\"http:\/\/www.meine-youngtimer.de\/wp-content\/uploads\/220.jpg\"  title=\"\" class=\"alignnone size-full wp-image-389\" srcset=\"https:\/\/meine-youngtimer.de\/wp-content\/uploads\/220.jpg 500w, https:\/\/meine-youngtimer.de\/wp-content\/uploads\/220-300x225.jpg 300w\" sizes=\"auto, (max-width: 500px) 100vw, 500px\" \/><br \/>\n<img loading=\"lazy\" decoding=\"async\" width=\"500\" height=\"375\" src=\"http:\/\/www.meine-youngtimer.de\/wp-content\/uploads\/319.jpg\"  title=\"\" class=\"alignnone size-full wp-image-390\" srcset=\"https:\/\/meine-youngtimer.de\/wp-content\/uploads\/319.jpg 500w, https:\/\/meine-youngtimer.de\/wp-content\/uploads\/319-300x225.jpg 300w\" sizes=\"auto, (max-width: 500px) 100vw, 500px\" \/><\/p>\n<p>Im Juli 2009 hatte ich nun alle Teile f\u00fcr die 3-flutige Abgasanlage zusammen. Um dem 5 Zylinder beim Ausatmen etwas unter die Arme zu greifen, wurde die originale 5-1 Abgasanlage des KX Motors in die legend\u00e4re 5-3-1 Abgasanlage vom KK- Quattro ge\u00e4ndert. Die Abgasanlage \u00e4hnelt einem F\u00e4cherkr\u00fcmmer. Allerdings ist es schwer an diese Abgasanlage zu gelangen, da sie recht selten und sehr begehrt ist. In diesem Zusammenhang wollte ich auch die Nockenwelle und den Z\u00fcndverteiler vom KV Motor einbauen. Der 2.2 KV (136 PS) und 2.2 KX (115 PS) Motor unterscheiden sich abgesehen von der Einspritzanlage und des G-Kats nur noch in der Verdichtung und der genannten Nockenwelle und Z\u00fcndverteiler. Damit sollte auch etwas Mehrleistung herauskommen, was durch ein Leistungsdiagramm sp\u00e4ter auch best\u00e4tigt wurde. Da auch die Hydrolager und Achsgummis vorne ausgeschlagen waren, gab es einmal einen Rundumschlag.<\/p>\n<p>3-Rohr-Abgasflansch vom KK-Motor (Quattro)<br \/>\n<img loading=\"lazy\" decoding=\"async\" width=\"500\" height=\"375\" src=\"http:\/\/www.meine-youngtimer.de\/wp-content\/uploads\/122.jpg\"  title=\"\" class=\"alignnone size-full wp-image-391\" srcset=\"https:\/\/meine-youngtimer.de\/wp-content\/uploads\/122.jpg 500w, https:\/\/meine-youngtimer.de\/wp-content\/uploads\/122-300x225.jpg 300w\" sizes=\"auto, (max-width: 500px) 100vw, 500px\" \/><br \/>\nEs werden insgesamt 4 Zylinder in zwei Rohre und 1 Zylinder in 1 Rohr gef\u00fchrt<br \/>\n<img loading=\"lazy\" decoding=\"async\" width=\"500\" height=\"375\" src=\"http:\/\/www.meine-youngtimer.de\/wp-content\/uploads\/221.jpg\"  title=\"\" class=\"alignnone size-full wp-image-392\" srcset=\"https:\/\/meine-youngtimer.de\/wp-content\/uploads\/221.jpg 500w, https:\/\/meine-youngtimer.de\/wp-content\/uploads\/221-300x225.jpg 300w\" sizes=\"auto, (max-width: 500px) 100vw, 500px\" \/><br \/>\nAm Ende werden die 3 Rohre zusammengef\u00fchrt. An diese Stelle musste auch die Lambdasonde angebracht werden<br \/>\n<img loading=\"lazy\" decoding=\"async\" width=\"500\" height=\"375\" src=\"http:\/\/www.meine-youngtimer.de\/wp-content\/uploads\/320.jpg\"  title=\"\" class=\"alignnone size-full wp-image-393\" srcset=\"https:\/\/meine-youngtimer.de\/wp-content\/uploads\/320.jpg 500w, https:\/\/meine-youngtimer.de\/wp-content\/uploads\/320-300x225.jpg 300w\" sizes=\"auto, (max-width: 500px) 100vw, 500px\" \/><br \/>\nDer dreiflutige Abgaskr\u00fcmmer des KK-Motors<br \/>\n<img loading=\"lazy\" decoding=\"async\" width=\"500\" height=\"375\" src=\"http:\/\/www.meine-youngtimer.de\/wp-content\/uploads\/416.jpg\"  title=\"\" class=\"alignnone size-full wp-image-394\" srcset=\"https:\/\/meine-youngtimer.de\/wp-content\/uploads\/416.jpg 500w, https:\/\/meine-youngtimer.de\/wp-content\/uploads\/416-300x225.jpg 300w\" sizes=\"auto, (max-width: 500px) 100vw, 500px\" \/><br \/>\nViele Abgaskr\u00fcmmer weisen Hitzerisse auf, daher wurde auch dieser Kr\u00fcmmer vorher geschwei\u00dft<br \/>\n<img loading=\"lazy\" decoding=\"async\" width=\"500\" height=\"375\" src=\"http:\/\/www.meine-youngtimer.de\/wp-content\/uploads\/512.jpg\"  title=\"\" class=\"alignnone size-full wp-image-395\" srcset=\"https:\/\/meine-youngtimer.de\/wp-content\/uploads\/512.jpg 500w, https:\/\/meine-youngtimer.de\/wp-content\/uploads\/512-300x225.jpg 300w\" sizes=\"auto, (max-width: 500px) 100vw, 500px\" \/><br \/>\nNockenwelle und Z\u00fcndverteiler vom KV Motor (2.2l ohne G-Kat)<br \/>\n<img loading=\"lazy\" decoding=\"async\" width=\"500\" height=\"375\" src=\"http:\/\/www.meine-youngtimer.de\/wp-content\/uploads\/69.jpg\"  title=\"\" class=\"alignnone size-full wp-image-396\" srcset=\"https:\/\/meine-youngtimer.de\/wp-content\/uploads\/69.jpg 500w, https:\/\/meine-youngtimer.de\/wp-content\/uploads\/69-300x225.jpg 300w\" sizes=\"auto, (max-width: 500px) 100vw, 500px\" \/><br \/>\nBeide Abgaskr\u00fcmmer im Vergleich, unten der 5-1 und oben der 5-3-1 Kr\u00fcmmer<br \/>\n<img loading=\"lazy\" decoding=\"async\" width=\"500\" height=\"375\" src=\"http:\/\/www.meine-youngtimer.de\/wp-content\/uploads\/77.jpg\"  title=\"\" class=\"alignnone size-full wp-image-397\" srcset=\"https:\/\/meine-youngtimer.de\/wp-content\/uploads\/77.jpg 500w, https:\/\/meine-youngtimer.de\/wp-content\/uploads\/77-300x225.jpg 300w\" sizes=\"auto, (max-width: 500px) 100vw, 500px\" \/><br \/>\nBeide Abgaskr\u00fcmmer im Vergleich, unten der 5-3-1 und oben der 5-1 Kr\u00fcmmer<br \/>\n<img loading=\"lazy\" decoding=\"async\" width=\"500\" height=\"375\" src=\"http:\/\/www.meine-youngtimer.de\/wp-content\/uploads\/82.jpg\"  title=\"\" class=\"alignnone size-full wp-image-398\" srcset=\"https:\/\/meine-youngtimer.de\/wp-content\/uploads\/82.jpg 500w, https:\/\/meine-youngtimer.de\/wp-content\/uploads\/82-300x225.jpg 300w\" sizes=\"auto, (max-width: 500px) 100vw, 500px\" \/><br \/>\nLinks das originale Abgasrohr, rechts der dreiflutige Abgasflansch<br \/>\n<img loading=\"lazy\" decoding=\"async\" width=\"500\" height=\"375\" src=\"http:\/\/www.meine-youngtimer.de\/wp-content\/uploads\/91.jpg\"  title=\"\" class=\"alignnone size-full wp-image-399\" srcset=\"https:\/\/meine-youngtimer.de\/wp-content\/uploads\/91.jpg 500w, https:\/\/meine-youngtimer.de\/wp-content\/uploads\/91-300x225.jpg 300w\" sizes=\"auto, (max-width: 500px) 100vw, 500px\" \/><br \/>\nHier das Datenblatt von Audi<br \/>\n<img loading=\"lazy\" decoding=\"async\" width=\"500\" height=\"685\" src=\"http:\/\/www.meine-youngtimer.de\/wp-content\/uploads\/Abgaskruemmer.jpg\" alt=\"Abgaskruemmer KK Audi Datenblatt\" class=\"alignnone size-full wp-image-1608\" srcset=\"https:\/\/meine-youngtimer.de\/wp-content\/uploads\/Abgaskruemmer.jpg 500w, https:\/\/meine-youngtimer.de\/wp-content\/uploads\/Abgaskruemmer-219x300.jpg 219w\" sizes=\"auto, (max-width: 500px) 100vw, 500px\" \/><br \/>\nVorher, der originale Abgaskr\u00fcmmer<br \/>\n<img loading=\"lazy\" decoding=\"async\" width=\"500\" height=\"375\" src=\"http:\/\/www.meine-youngtimer.de\/wp-content\/uploads\/101.jpg\"  title=\"\" class=\"alignnone size-full wp-image-400\" srcset=\"https:\/\/meine-youngtimer.de\/wp-content\/uploads\/101.jpg 500w, https:\/\/meine-youngtimer.de\/wp-content\/uploads\/101-300x225.jpg 300w\" sizes=\"auto, (max-width: 500px) 100vw, 500px\" \/><br \/>\nNachher mit dem 3-Rohr-Kr\u00fcmmer (die Abgasanlage verl\u00e4uft nun unterhalb der Achse)<br \/>\n<img loading=\"lazy\" decoding=\"async\" width=\"500\" height=\"375\" src=\"http:\/\/www.meine-youngtimer.de\/wp-content\/uploads\/1110.jpg\"  title=\"\" class=\"alignnone size-full wp-image-402\" srcset=\"https:\/\/meine-youngtimer.de\/wp-content\/uploads\/1110.jpg 500w, https:\/\/meine-youngtimer.de\/wp-content\/uploads\/1110-300x225.jpg 300w\" sizes=\"auto, (max-width: 500px) 100vw, 500px\" \/><br \/>\nUm weiteren Rissen vorzubeugen wurde ein Flexrohr eingesetzt<br \/>\n<img loading=\"lazy\" decoding=\"async\" width=\"500\" height=\"375\" src=\"http:\/\/www.meine-youngtimer.de\/wp-content\/uploads\/123.jpg\"  title=\"\" class=\"alignnone size-full wp-image-403\" srcset=\"https:\/\/meine-youngtimer.de\/wp-content\/uploads\/123.jpg 500w, https:\/\/meine-youngtimer.de\/wp-content\/uploads\/123-300x225.jpg 300w\" sizes=\"auto, (max-width: 500px) 100vw, 500px\" \/><br \/>\nHier wurde bereits die Vorderachse ausgebaut, um diese neu zu lagern<br \/>\n<img loading=\"lazy\" decoding=\"async\" width=\"500\" height=\"375\" src=\"http:\/\/www.meine-youngtimer.de\/wp-content\/uploads\/132.jpg\"  title=\"\" class=\"alignnone size-full wp-image-404\" srcset=\"https:\/\/meine-youngtimer.de\/wp-content\/uploads\/132.jpg 500w, https:\/\/meine-youngtimer.de\/wp-content\/uploads\/132-300x225.jpg 300w\" sizes=\"auto, (max-width: 500px) 100vw, 500px\" \/><br \/>\nSo sieht ein defektes Hydrolager aus<br \/>\n<img loading=\"lazy\" decoding=\"async\" width=\"500\" height=\"375\" src=\"http:\/\/www.meine-youngtimer.de\/wp-content\/uploads\/142.jpg\"  title=\"\" class=\"alignnone size-full wp-image-405\" srcset=\"https:\/\/meine-youngtimer.de\/wp-content\/uploads\/142.jpg 500w, https:\/\/meine-youngtimer.de\/wp-content\/uploads\/142-300x225.jpg 300w\" sizes=\"auto, (max-width: 500px) 100vw, 500px\" \/><br \/>\nHier der Vergleich, links das alte Lager und rechts das Neue<br \/>\n<img loading=\"lazy\" decoding=\"async\" width=\"500\" height=\"375\" src=\"http:\/\/www.meine-youngtimer.de\/wp-content\/uploads\/151.jpg\"  title=\"\" class=\"alignnone size-full wp-image-406\" srcset=\"https:\/\/meine-youngtimer.de\/wp-content\/uploads\/151.jpg 500w, https:\/\/meine-youngtimer.de\/wp-content\/uploads\/151-300x225.jpg 300w\" sizes=\"auto, (max-width: 500px) 100vw, 500px\" \/><br \/>\nRissige und spr\u00f6de Achsgummis<br \/>\n<img loading=\"lazy\" decoding=\"async\" width=\"500\" height=\"375\" src=\"http:\/\/www.meine-youngtimer.de\/wp-content\/uploads\/161.jpg\"  title=\"\" class=\"alignnone size-full wp-image-407\" srcset=\"https:\/\/meine-youngtimer.de\/wp-content\/uploads\/161.jpg 500w, https:\/\/meine-youngtimer.de\/wp-content\/uploads\/161-300x225.jpg 300w\" sizes=\"auto, (max-width: 500px) 100vw, 500px\" \/><br \/>\nAuch diese Gummis mussten erneuert werden<br \/>\n<img loading=\"lazy\" decoding=\"async\" width=\"500\" height=\"375\" src=\"http:\/\/www.meine-youngtimer.de\/wp-content\/uploads\/171.jpg\"  title=\"\" class=\"alignnone size-full wp-image-408\" srcset=\"https:\/\/meine-youngtimer.de\/wp-content\/uploads\/171.jpg 500w, https:\/\/meine-youngtimer.de\/wp-content\/uploads\/171-300x225.jpg 300w\" sizes=\"auto, (max-width: 500px) 100vw, 500px\" \/><br \/>\nFertig! Die Vorderachse war neu gelagert, die Hydrolager wurden getauscht und die dreiflutige Abgasanlage war eingebaut<br \/>\n<img loading=\"lazy\" decoding=\"async\" width=\"500\" height=\"375\" src=\"http:\/\/www.meine-youngtimer.de\/wp-content\/uploads\/181.jpg\"  title=\"\" class=\"alignnone size-full wp-image-401\" srcset=\"https:\/\/meine-youngtimer.de\/wp-content\/uploads\/181.jpg 500w, https:\/\/meine-youngtimer.de\/wp-content\/uploads\/181-300x225.jpg 300w\" sizes=\"auto, (max-width: 500px) 100vw, 500px\" \/><\/p>\n<p>Im Mai 2010 wollte ich dem Audi 90 neue und breitere Felgen spendieren. Diesmal sollte es in die K\u00f6nigsklasse gehen.<br \/>\nEs wurden dreiteilige BBS RS Felgen in der Dimension 7.5&#215;15 mit poliertem Tiefbett.<br \/>\nSp\u00e4ter folgte noch eine FOX Edelstahlanlage ab Kat. Die Endrohrvariante wurde auf Quattro-Look ge\u00e4ndert. Auch ein Votex F350 (Nardi) Sportlenkrad befindet sich nun im Innenraum, welches auch als Sportlenkrad aus dem Urquattro bekannt ist. Die Sto\u00dfstangen wurden neu lackiert und zuvor gegl\u00e4ttet. <\/p>\n<p><img loading=\"lazy\" decoding=\"async\" width=\"500\" height=\"375\" src=\"http:\/\/www.meine-youngtimer.de\/wp-content\/uploads\/124.jpg\"  title=\"\" class=\"alignnone size-full wp-image-410\" srcset=\"https:\/\/meine-youngtimer.de\/wp-content\/uploads\/124.jpg 500w, https:\/\/meine-youngtimer.de\/wp-content\/uploads\/124-300x225.jpg 300w\" sizes=\"auto, (max-width: 500px) 100vw, 500px\" \/><br \/>\n<img loading=\"lazy\" decoding=\"async\" width=\"500\" height=\"375\" src=\"http:\/\/www.meine-youngtimer.de\/wp-content\/uploads\/222.jpg\"  title=\"\" class=\"alignnone size-full wp-image-411\" srcset=\"https:\/\/meine-youngtimer.de\/wp-content\/uploads\/222.jpg 500w, https:\/\/meine-youngtimer.de\/wp-content\/uploads\/222-300x225.jpg 300w\" sizes=\"auto, (max-width: 500px) 100vw, 500px\" \/><br \/>\n<img loading=\"lazy\" decoding=\"async\" width=\"500\" height=\"375\" src=\"http:\/\/www.meine-youngtimer.de\/wp-content\/uploads\/321.jpg\"  title=\"\" class=\"alignnone size-full wp-image-412\" srcset=\"https:\/\/meine-youngtimer.de\/wp-content\/uploads\/321.jpg 500w, https:\/\/meine-youngtimer.de\/wp-content\/uploads\/321-300x225.jpg 300w\" sizes=\"auto, (max-width: 500px) 100vw, 500px\" \/><br \/>\n<img loading=\"lazy\" decoding=\"async\" width=\"500\" height=\"375\" src=\"http:\/\/www.meine-youngtimer.de\/wp-content\/uploads\/417.jpg\"  title=\"\" class=\"alignnone size-full wp-image-413\" srcset=\"https:\/\/meine-youngtimer.de\/wp-content\/uploads\/417.jpg 500w, https:\/\/meine-youngtimer.de\/wp-content\/uploads\/417-300x225.jpg 300w\" sizes=\"auto, (max-width: 500px) 100vw, 500px\" \/><br \/>\n<img loading=\"lazy\" decoding=\"async\" width=\"500\" height=\"375\" src=\"http:\/\/www.meine-youngtimer.de\/wp-content\/uploads\/513.jpg\"  title=\"\" class=\"alignnone size-full wp-image-414\" srcset=\"https:\/\/meine-youngtimer.de\/wp-content\/uploads\/513.jpg 500w, https:\/\/meine-youngtimer.de\/wp-content\/uploads\/513-300x225.jpg 300w\" sizes=\"auto, (max-width: 500px) 100vw, 500px\" \/><br \/>\n<img loading=\"lazy\" decoding=\"async\" width=\"500\" height=\"375\" src=\"http:\/\/www.meine-youngtimer.de\/wp-content\/uploads\/610.jpg\"  title=\"\" class=\"alignnone size-full wp-image-415\" srcset=\"https:\/\/meine-youngtimer.de\/wp-content\/uploads\/610.jpg 500w, https:\/\/meine-youngtimer.de\/wp-content\/uploads\/610-300x225.jpg 300w\" sizes=\"auto, (max-width: 500px) 100vw, 500px\" \/><br \/>\n<img loading=\"lazy\" decoding=\"async\" width=\"500\" height=\"375\" src=\"http:\/\/www.meine-youngtimer.de\/wp-content\/uploads\/78.jpg\"  title=\"\" class=\"alignnone size-full wp-image-416\" srcset=\"https:\/\/meine-youngtimer.de\/wp-content\/uploads\/78.jpg 500w, https:\/\/meine-youngtimer.de\/wp-content\/uploads\/78-300x225.jpg 300w\" sizes=\"auto, (max-width: 500px) 100vw, 500px\" \/><br \/>\n<img loading=\"lazy\" decoding=\"async\" width=\"500\" height=\"375\" src=\"http:\/\/www.meine-youngtimer.de\/wp-content\/uploads\/83.jpg\"  title=\"\" class=\"alignnone size-full wp-image-417\" srcset=\"https:\/\/meine-youngtimer.de\/wp-content\/uploads\/83.jpg 500w, https:\/\/meine-youngtimer.de\/wp-content\/uploads\/83-300x225.jpg 300w\" sizes=\"auto, (max-width: 500px) 100vw, 500px\" \/><br \/>\n<img loading=\"lazy\" decoding=\"async\" width=\"500\" height=\"375\" src=\"http:\/\/www.meine-youngtimer.de\/wp-content\/uploads\/92.jpg\"  title=\"\" class=\"alignnone size-full wp-image-418\" srcset=\"https:\/\/meine-youngtimer.de\/wp-content\/uploads\/92.jpg 500w, https:\/\/meine-youngtimer.de\/wp-content\/uploads\/92-300x225.jpg 300w\" sizes=\"auto, (max-width: 500px) 100vw, 500px\" \/><\/p>\n<p>2014 habe ich noch einen Aluminium Luftfilterkasten aus einem Audi Urquattro mit einem neuen K&#038;N Sportluftfilter eingebaut. Dadurch erh\u00e4lt der 5 Zylinder einen besseren Sound im Volllastbereich und durch die gr\u00f6\u00dfere \u00d6ffnung mehr Luft.<br \/>\n<img loading=\"lazy\" decoding=\"async\" width=\"500\" height=\"666\" src=\"http:\/\/www.meine-youngtimer.de\/wp-content\/uploads\/1100.jpg\" alt=\"\" class=\"alignnone size-full wp-image-1510\" srcset=\"https:\/\/meine-youngtimer.de\/wp-content\/uploads\/1100.jpg 500w, https:\/\/meine-youngtimer.de\/wp-content\/uploads\/1100-225x300.jpg 225w\" sizes=\"auto, (max-width: 500px) 100vw, 500px\" \/><br \/>\n<img loading=\"lazy\" decoding=\"async\" width=\"500\" height=\"375\" src=\"http:\/\/www.meine-youngtimer.de\/wp-content\/uploads\/267.jpg\" alt=\"\" class=\"alignnone size-full wp-image-1511\" srcset=\"https:\/\/meine-youngtimer.de\/wp-content\/uploads\/267.jpg 500w, https:\/\/meine-youngtimer.de\/wp-content\/uploads\/267-300x225.jpg 300w\" sizes=\"auto, (max-width: 500px) 100vw, 500px\" \/><br \/>\n<img loading=\"lazy\" decoding=\"async\" width=\"500\" height=\"375\" src=\"http:\/\/www.meine-youngtimer.de\/wp-content\/uploads\/362.jpg\" alt=\"\" class=\"alignnone size-full wp-image-1512\" srcset=\"https:\/\/meine-youngtimer.de\/wp-content\/uploads\/362.jpg 500w, https:\/\/meine-youngtimer.de\/wp-content\/uploads\/362-300x225.jpg 300w\" sizes=\"auto, (max-width: 500px) 100vw, 500px\" \/><br \/>\n<img loading=\"lazy\" decoding=\"async\" width=\"500\" height=\"375\" src=\"http:\/\/www.meine-youngtimer.de\/wp-content\/uploads\/457.jpg\" alt=\"\" class=\"alignnone size-full wp-image-1513\" srcset=\"https:\/\/meine-youngtimer.de\/wp-content\/uploads\/457.jpg 500w, https:\/\/meine-youngtimer.de\/wp-content\/uploads\/457-300x225.jpg 300w\" sizes=\"auto, (max-width: 500px) 100vw, 500px\" \/><br \/>\n<img loading=\"lazy\" decoding=\"async\" width=\"500\" height=\"666\" src=\"http:\/\/www.meine-youngtimer.de\/wp-content\/uploads\/546.jpg\" alt=\"\" class=\"alignnone size-full wp-image-1514\" srcset=\"https:\/\/meine-youngtimer.de\/wp-content\/uploads\/546.jpg 500w, https:\/\/meine-youngtimer.de\/wp-content\/uploads\/546-225x300.jpg 225w\" sizes=\"auto, (max-width: 500px) 100vw, 500px\" \/><\/p>\n<p>Den Audi 90 habe ich nach 7 Jahren im Oktober 2015 wieder verkauft.<\/p>\n","protected":false},"excerpt":{"rendered":"<p>Kaufdatum: Oktober 2008 Audi 90, Typ 81, 2.2l KX Motor mit 115 PS, 5 Zylinder werkseitig mit G-Kat, 258000 km, 4x elektrische Fensterheber, elektrische Au\u00dfenspiegel, elektrisches Stahlschiebehubdach, Scheinwerferreinigungsanlage, Bordcomputer, Colorverglasung, 9&#215;16 Azev E Alufelgen mit 215\/40 R16 , Weitec Fahrwerk mit Nutenverstellung, KLR TwinTec, Zentralverriegelung, W\u00e4rmeschutzverglasung, Servolenkung Im Januar 2009 baute ich rote R\u00fcckleuchten ein, [&hellip;]<\/p>\n","protected":false},"author":1,"featured_media":0,"parent":0,"menu_order":0,"comment_status":"open","ping_status":"open","template":"full-width.php","meta":{"footnotes":""},"class_list":["post-217","page","type-page","status-publish","hentry"],"_links":{"self":[{"href":"https:\/\/www.meine-youngtimer.de\/index.php?rest_route=\/wp\/v2\/pages\/217","targetHints":{"allow":["GET"]}}],"collection":[{"href":"https:\/\/www.meine-youngtimer.de\/index.php?rest_route=\/wp\/v2\/pages"}],"about":[{"href":"https:\/\/www.meine-youngtimer.de\/index.php?rest_route=\/wp\/v2\/types\/page"}],"author":[{"embeddable":true,"href":"https:\/\/www.meine-youngtimer.de\/index.php?rest_route=\/wp\/v2\/users\/1"}],"replies":[{"embeddable":true,"href":"https:\/\/www.meine-youngtimer.de\/index.php?rest_route=%2Fwp%2Fv2%2Fcomments&post=217"}],"version-history":[{"count":42,"href":"https:\/\/www.meine-youngtimer.de\/index.php?rest_route=\/wp\/v2\/pages\/217\/revisions"}],"predecessor-version":[{"id":1636,"href":"https:\/\/www.meine-youngtimer.de\/index.php?rest_route=\/wp\/v2\/pages\/217\/revisions\/1636"}],"wp:attachment":[{"href":"https:\/\/www.meine-youngtimer.de\/index.php?rest_route=%2Fwp%2Fv2%2Fmedia&parent=217"}],"curies":[{"name":"wp","href":"https:\/\/api.w.org\/{rel}","templated":true}]}}