{"id":18,"date":"2012-11-05T15:37:41","date_gmt":"2012-11-05T15:37:41","guid":{"rendered":"http:\/\/www.meine-youngtimer.de\/?page_id=18"},"modified":"2019-07-27T16:07:31","modified_gmt":"2019-07-27T16:07:31","slug":"uber-mich","status":"publish","type":"page","link":"https:\/\/www.meine-youngtimer.de\/?page_id=18","title":{"rendered":"\u00dcber mich"},"content":{"rendered":"<p><img loading=\"lazy\" decoding=\"async\" width=\"940\" height=\"340\" src=\"http:\/\/www.meine-youngtimer.de\/wp-content\/uploads\/ich.jpg\" alt=\"ich\" class=\"alignnone size-full wp-image-1472\" srcset=\"https:\/\/meine-youngtimer.de\/wp-content\/uploads\/ich.jpg 940w, https:\/\/meine-youngtimer.de\/wp-content\/uploads\/ich-300x109.jpg 300w\" sizes=\"auto, (max-width: 940px) 100vw, 940px\" \/><\/p>\n<div class=\"one_half\">\n<p><strong>Herzlich Willkommen auf meiner Homepage!<\/strong><\/p>\n<p>Hier stelle ich euch alle meine Fahrzeuge vor, die in meinem Besitz sind oder waren und die ich mehr oder weniger eigenst\u00e4ndig umgebaut und ver\u00e4ndert habe.<\/p>\n<p>Dabei lege ich sehr viel Wert auf Originalerhaltung. Tuningteile wie GFK- Frontsch\u00fcrzen und -Seitenschweller, sowie monstr\u00f6se Heckspoiler finden an meinen Autos keinen Platz. Meine Autos m\u00fcssen alltagstauglich sein und zugleich der StVZO entsprechen.<\/p>\n<p>Bei Anregungen oder Fragen zu meinen Autos k\u00f6nnt ihr mich gerne \u00fcber die Nachrichtenbox im Impressum kontaktieren.<\/p>\n<div>\u00a0<\/div>\n<p><\/div><div class=\"one_half last\"><strong>Zu meiner Person&#8230;<\/strong><\/p>\n<p>In meiner 3 \u00bd j\u00e4hrigen Berufsausbildung zum Kfz- Mechaniker entdeckte ich die Leidenschaft f\u00fcr Autos. Ich lernte damals bei einem Audi und VW Autohaus und fahre auch \u00fcberwiegend diese beiden Marken. Da mich Neuwagen und Autos von der Stange noch nie reizten, war ich meist auf gebrauchte Youngtimer fixiert.<\/p>\n<p>Ich bin heute \u00fcber 40 Jahre alt und habe kein Gewerbe angemeldet. Ich bin auch kein Tuner, sondern m\u00f6chte lediglich meine Youngtimer auf dieser Seite pr\u00e4sentieren, da diese heutzutage viel zu selten auf unseren Stra\u00dfen zu sehen sind.<\/p>\n<p>Mein Hobby sind meine Youngtimer und mittlerweile auch Oldtimer und diese m\u00f6chte ich euch nicht vorenthalten.<\/p>\n<p>Da ich beruflich einen anderen Weg eingeschlagen habe, bin ich in meinen M\u00f6glichkeiten etwas an meinen Autos zu ver\u00e4ndern oder Wartungsarbeiten durchzuf\u00fchren etwas eingeschr\u00e4nkt.<\/p>\n<p>F\u00fcr die meisten Reparaturen reicht jedoch die eigene Garage aus oder die Werkstatt von guten Bekannten.<\/p>\n<div>\u00a0<\/div>\n<p><\/div><\/p>\n<p>&nbsp;<\/p>\n","protected":false},"excerpt":{"rendered":"<p>&nbsp;<\/p>\n","protected":false},"author":1,"featured_media":0,"parent":0,"menu_order":0,"comment_status":"open","ping_status":"open","template":"full-width.php","meta":{"footnotes":""},"class_list":["post-18","page","type-page","status-publish","hentry"],"_links":{"self":[{"href":"https:\/\/www.meine-youngtimer.de\/index.php?rest_route=\/wp\/v2\/pages\/18","targetHints":{"allow":["GET"]}}],"collection":[{"href":"https:\/\/www.meine-youngtimer.de\/index.php?rest_route=\/wp\/v2\/pages"}],"about":[{"href":"https:\/\/www.meine-youngtimer.de\/index.php?rest_route=\/wp\/v2\/types\/page"}],"author":[{"embeddable":true,"href":"https:\/\/www.meine-youngtimer.de\/index.php?rest_route=\/wp\/v2\/users\/1"}],"replies":[{"embeddable":true,"href":"https:\/\/www.meine-youngtimer.de\/index.php?rest_route=%2Fwp%2Fv2%2Fcomments&post=18"}],"version-history":[{"count":17,"href":"https:\/\/www.meine-youngtimer.de\/index.php?rest_route=\/wp\/v2\/pages\/18\/revisions"}],"predecessor-version":[{"id":1688,"href":"https:\/\/www.meine-youngtimer.de\/index.php?rest_route=\/wp\/v2\/pages\/18\/revisions\/1688"}],"wp:attachment":[{"href":"https:\/\/www.meine-youngtimer.de\/index.php?rest_route=%2Fwp%2Fv2%2Fmedia&parent=18"}],"curies":[{"name":"wp","href":"https:\/\/api.w.org\/{rel}","templated":true}]}}