{"id":16,"date":"2012-11-05T15:37:19","date_gmt":"2012-11-05T15:37:19","guid":{"rendered":"http:\/\/www.meine-youngtimer.de\/?page_id=16"},"modified":"2014-12-02T16:37:40","modified_gmt":"2014-12-02T16:37:40","slug":"eure-youngtimer","status":"publish","type":"page","link":"https:\/\/www.meine-youngtimer.de\/?page_id=16","title":{"rendered":"Eure Youngtimer"},"content":{"rendered":"<p><font color=\"#ff0000\"><strong>Ihr habt einen 20-30 Jahre alten Youngtimer und m\u00f6chtet diesen hier pr\u00e4sentieren? Schreibt mir eine Mail \u00fcber das Impressum mit den Daten eures Prachtst\u00fccks. Ist mein Interesse geweckt, werde ich euren schicken Youngtimer hier pr\u00e4sentieren. Ich freue mich auf eure Zuschriften!<\/strong><\/font><br \/>\n&nbsp;<\/p>\n<p><strong>VW Golf 2 GTI 16V von Thorsten aus Dortmund (Pr\u00e4sentiert im November 2014)<\/strong><br \/>\nBj. 06\/1988 , Motorkennbuchstabe PL, Leistung: 95 KW \/ 129 PS, originaler Erstlack in Tornadorot (LY3B), originale BBS RM in 6.5&#215;15, general\u00fcberholter Motor<\/p>\n<p><img loading=\"lazy\" decoding=\"async\" width=\"1024\" height=\"768\" src=\"http:\/\/www.meine-youngtimer.de\/wp-content\/uploads\/196.jpg\"  title=\"\" class=\"alignnone size-full wp-image-1430\" srcset=\"https:\/\/meine-youngtimer.de\/wp-content\/uploads\/196.jpg 1024w, https:\/\/meine-youngtimer.de\/wp-content\/uploads\/196-300x225.jpg 300w\" sizes=\"auto, (max-width: 1024px) 100vw, 1024px\" \/><br \/>\n<img loading=\"lazy\" decoding=\"async\" width=\"1024\" height=\"768\" src=\"http:\/\/www.meine-youngtimer.de\/wp-content\/uploads\/263.jpg\"  title=\"\" class=\"alignnone size-full wp-image-1431\" srcset=\"https:\/\/meine-youngtimer.de\/wp-content\/uploads\/263.jpg 1024w, https:\/\/meine-youngtimer.de\/wp-content\/uploads\/263-300x225.jpg 300w\" sizes=\"auto, (max-width: 1024px) 100vw, 1024px\" \/><br \/>\n<img loading=\"lazy\" decoding=\"async\" width=\"1024\" height=\"768\" src=\"http:\/\/www.meine-youngtimer.de\/wp-content\/uploads\/359.jpg\"  title=\"\" class=\"alignnone size-full wp-image-1432\" srcset=\"https:\/\/meine-youngtimer.de\/wp-content\/uploads\/359.jpg 1024w, https:\/\/meine-youngtimer.de\/wp-content\/uploads\/359-300x225.jpg 300w\" sizes=\"auto, (max-width: 1024px) 100vw, 1024px\" \/><br \/>\n<img loading=\"lazy\" decoding=\"async\" width=\"1024\" height=\"768\" src=\"http:\/\/www.meine-youngtimer.de\/wp-content\/uploads\/454-1024x768.jpg\"  title=\"\" class=\"alignnone size-large wp-image-1433\" srcset=\"https:\/\/meine-youngtimer.de\/wp-content\/uploads\/454-1024x768.jpg 1024w, https:\/\/meine-youngtimer.de\/wp-content\/uploads\/454-300x225.jpg 300w, https:\/\/meine-youngtimer.de\/wp-content\/uploads\/454.jpg 1824w\" sizes=\"auto, (max-width: 1024px) 100vw, 1024px\" \/><br \/>\n<img loading=\"lazy\" decoding=\"async\" width=\"1958\" height=\"1469\" src=\"http:\/\/www.meine-youngtimer.de\/wp-content\/uploads\/543.jpg\"  title=\"\" class=\"alignnone size-full wp-image-1434\" srcset=\"https:\/\/meine-youngtimer.de\/wp-content\/uploads\/543.jpg 1958w, https:\/\/meine-youngtimer.de\/wp-content\/uploads\/543-300x225.jpg 300w, https:\/\/meine-youngtimer.de\/wp-content\/uploads\/543-1024x768.jpg 1024w\" sizes=\"auto, (max-width: 1958px) 100vw, 1958px\" \/><br \/>\n&nbsp;<br \/>\n&nbsp;<\/p>\n<p><strong>VW Golf 2 GTI Edition One von Daniel aus dem Landkreis Bamberg\/ Bayern (Pr\u00e4sentiert im April 2014)<\/strong><br \/>\nBj. 06.1990, Umbau auf 2.8l VR6 (AAA), seltener Originallack in Quartzgrau (LD7Y), AP Gewindefahrwerk, originale BBS RM von 6.5&#215;15 umgesch\u00fcsselt auf 8.5&#215;15, originale G60 Auspuffanlage, originale Lederausstattung in schwarz, Sportlenkrad<\/p>\n<p><img loading=\"lazy\" decoding=\"async\" width=\"1024\" height=\"768\" src=\"http:\/\/www.meine-youngtimer.de\/wp-content\/uploads\/1.jpeg\"  title=\"\" class=\"alignnone size-large wp-image-1326\" srcset=\"https:\/\/meine-youngtimer.de\/wp-content\/uploads\/1.jpeg 1024w, https:\/\/meine-youngtimer.de\/wp-content\/uploads\/1-300x225.jpg 300w\" sizes=\"auto, (max-width: 1024px) 100vw, 1024px\" \/><br \/>\n<img loading=\"lazy\" decoding=\"async\" width=\"1024\" height=\"683\" src=\"http:\/\/www.meine-youngtimer.de\/wp-content\/uploads\/262.jpg\"  title=\"\" class=\"alignnone size-full wp-image-1331\" srcset=\"https:\/\/meine-youngtimer.de\/wp-content\/uploads\/262.jpg 1024w, https:\/\/meine-youngtimer.de\/wp-content\/uploads\/262-300x200.jpg 300w\" sizes=\"auto, (max-width: 1024px) 100vw, 1024px\" \/><br \/>\n<img loading=\"lazy\" decoding=\"async\" width=\"1024\" height=\"683\" src=\"http:\/\/www.meine-youngtimer.de\/wp-content\/uploads\/358.jpg\"  title=\"\" class=\"alignnone size-full wp-image-1332\" srcset=\"https:\/\/meine-youngtimer.de\/wp-content\/uploads\/358.jpg 1024w, https:\/\/meine-youngtimer.de\/wp-content\/uploads\/358-300x200.jpg 300w\" sizes=\"auto, (max-width: 1024px) 100vw, 1024px\" \/><br \/>\n<img loading=\"lazy\" decoding=\"async\" width=\"1024\" height=\"683\" src=\"http:\/\/www.meine-youngtimer.de\/wp-content\/uploads\/453.jpg\"  title=\"\" class=\"alignnone size-full wp-image-1333\" srcset=\"https:\/\/meine-youngtimer.de\/wp-content\/uploads\/453.jpg 1024w, https:\/\/meine-youngtimer.de\/wp-content\/uploads\/453-300x200.jpg 300w\" sizes=\"auto, (max-width: 1024px) 100vw, 1024px\" \/><br \/>\n<img loading=\"lazy\" decoding=\"async\" width=\"1024\" height=\"768\" src=\"http:\/\/www.meine-youngtimer.de\/wp-content\/uploads\/5.jpeg\"  title=\"\" class=\"alignnone size-full wp-image-1330\" srcset=\"https:\/\/meine-youngtimer.de\/wp-content\/uploads\/5.jpeg 1024w, https:\/\/meine-youngtimer.de\/wp-content\/uploads\/5-300x225.jpg 300w\" sizes=\"auto, (max-width: 1024px) 100vw, 1024px\" \/><br \/>\n&nbsp;<br \/>\n&nbsp;<\/p>\n<p><strong>VW Golf 2 GTI 16V von Mike aus Grefrath\/ Kreis Viersen (Pr\u00e4sentiert im Juli 2013)<\/strong><br \/>\nBj. 24.03.1988, 1.8l KR Motor mit 139 PS, G-Kat nachger\u00fcstet, Anthrazit metallic (LP9Z), 80\/60 Koni-Weitec Gewindefahrwerk, BBS RS in 8&#215;16 mit 195\/40R16 vorne und 9&#215;16 mit 215\/35R16 hinten, vorne und hinten 25mm Adapterplatten, Klimaanlage, ABS, DigiFIZ, 4x el. Fensterheber, 30er Momo Sportlenkrad, Hornet Alarmanlage, Rallye Scheinwerferfront, Supersport Sportauspuff, Neulack 2005, Sitze neu geledert. <\/p>\n<p><img loading=\"lazy\" decoding=\"async\" width=\"1024\" height=\"768\" src=\"http:\/\/www.meine-youngtimer.de\/wp-content\/uploads\/185-1024x768.jpg\"  title=\"\" class=\"alignnone size-large wp-image-1083\" srcset=\"https:\/\/meine-youngtimer.de\/wp-content\/uploads\/185-1024x768.jpg 1024w, https:\/\/meine-youngtimer.de\/wp-content\/uploads\/185-300x225.jpg 300w, https:\/\/meine-youngtimer.de\/wp-content\/uploads\/185.jpg 2000w\" sizes=\"auto, (max-width: 1024px) 100vw, 1024px\" \/><br \/>\n<img loading=\"lazy\" decoding=\"async\" width=\"1024\" height=\"768\" src=\"http:\/\/www.meine-youngtimer.de\/wp-content\/uploads\/256-1024x768.jpg\"  title=\"\" class=\"alignnone size-large wp-image-1084\" srcset=\"https:\/\/meine-youngtimer.de\/wp-content\/uploads\/256-1024x768.jpg 1024w, https:\/\/meine-youngtimer.de\/wp-content\/uploads\/256-300x225.jpg 300w, https:\/\/meine-youngtimer.de\/wp-content\/uploads\/256.jpg 2000w\" sizes=\"auto, (max-width: 1024px) 100vw, 1024px\" \/><br \/>\n<img loading=\"lazy\" decoding=\"async\" width=\"1024\" height=\"768\" src=\"http:\/\/www.meine-youngtimer.de\/wp-content\/uploads\/352-1024x768.jpg\"  title=\"\" class=\"alignnone size-large wp-image-1085\" srcset=\"https:\/\/meine-youngtimer.de\/wp-content\/uploads\/352-1024x768.jpg 1024w, https:\/\/meine-youngtimer.de\/wp-content\/uploads\/352-300x225.jpg 300w, https:\/\/meine-youngtimer.de\/wp-content\/uploads\/352.jpg 2000w\" sizes=\"auto, (max-width: 1024px) 100vw, 1024px\" \/><br \/>\n<img loading=\"lazy\" decoding=\"async\" width=\"1024\" height=\"768\" src=\"http:\/\/www.meine-youngtimer.de\/wp-content\/uploads\/447-1024x768.jpg\"  title=\"\" class=\"alignnone size-large wp-image-1086\" srcset=\"https:\/\/meine-youngtimer.de\/wp-content\/uploads\/447-1024x768.jpg 1024w, https:\/\/meine-youngtimer.de\/wp-content\/uploads\/447-300x225.jpg 300w, https:\/\/meine-youngtimer.de\/wp-content\/uploads\/447.jpg 2000w\" sizes=\"auto, (max-width: 1024px) 100vw, 1024px\" \/><br \/>\n<img loading=\"lazy\" decoding=\"async\" width=\"1024\" height=\"768\" src=\"http:\/\/www.meine-youngtimer.de\/wp-content\/uploads\/537-1024x768.jpg\"  title=\"\" class=\"alignnone size-large wp-image-1082\" srcset=\"https:\/\/meine-youngtimer.de\/wp-content\/uploads\/537-1024x768.jpg 1024w, https:\/\/meine-youngtimer.de\/wp-content\/uploads\/537-300x225.jpg 300w, https:\/\/meine-youngtimer.de\/wp-content\/uploads\/537.jpg 2000w\" sizes=\"auto, (max-width: 1024px) 100vw, 1024px\" \/><br \/>\n&nbsp;<br \/>\n&nbsp;<\/p>\n<p><strong>Opel Manta B GSI von Christian H. aus Marbeck\/ Kreis Borken (Pr\u00e4sentiert im Juni 2013)<\/strong><br \/>\nBj. 13.03.1987, 2.0E Motor mit 115 PS, Tachostand 75690 (f\u00fcnfstellig), 3. Hand, original Irmscher Verspoilerung, Neulack 2003, Apex Federn (60mm Tieferlegung) mit gelben und gek\u00fcrzten Konis, 7&#215;15 ET26 Atiwe Felgen mit 195\/50 R15, F\u00e4cherkr\u00fcmmer und Komplettanlage von Lexmaul. Seit 2002 in Christians Besitz!<\/p>\n<p><img loading=\"lazy\" decoding=\"async\" width=\"1024\" height=\"681\" src=\"http:\/\/www.meine-youngtimer.de\/wp-content\/uploads\/184-1024x681.jpg\"  title=\"\" class=\"alignnone size-large wp-image-1073\" srcset=\"https:\/\/meine-youngtimer.de\/wp-content\/uploads\/184-1024x681.jpg 1024w, https:\/\/meine-youngtimer.de\/wp-content\/uploads\/184-300x199.jpg 300w, https:\/\/meine-youngtimer.de\/wp-content\/uploads\/184.jpg 2000w\" sizes=\"auto, (max-width: 1024px) 100vw, 1024px\" \/><br \/>\n<img loading=\"lazy\" decoding=\"async\" width=\"1024\" height=\"681\" src=\"http:\/\/www.meine-youngtimer.de\/wp-content\/uploads\/255-1024x681.jpg\"  title=\"\" class=\"alignnone size-large wp-image-1077\" srcset=\"https:\/\/meine-youngtimer.de\/wp-content\/uploads\/255-1024x681.jpg 1024w, https:\/\/meine-youngtimer.de\/wp-content\/uploads\/255-300x199.jpg 300w, https:\/\/meine-youngtimer.de\/wp-content\/uploads\/255.jpg 2000w\" sizes=\"auto, (max-width: 1024px) 100vw, 1024px\" \/><br \/>\n<img loading=\"lazy\" decoding=\"async\" width=\"1024\" height=\"681\" src=\"http:\/\/www.meine-youngtimer.de\/wp-content\/uploads\/351-1024x681.jpg\"  title=\"\" class=\"alignnone size-large wp-image-1075\" srcset=\"https:\/\/meine-youngtimer.de\/wp-content\/uploads\/351-1024x681.jpg 1024w, https:\/\/meine-youngtimer.de\/wp-content\/uploads\/351-300x199.jpg 300w, https:\/\/meine-youngtimer.de\/wp-content\/uploads\/351.jpg 2000w\" sizes=\"auto, (max-width: 1024px) 100vw, 1024px\" \/><br \/>\n<img loading=\"lazy\" decoding=\"async\" width=\"1024\" height=\"681\" src=\"http:\/\/www.meine-youngtimer.de\/wp-content\/uploads\/446-1024x681.jpg\"  title=\"\" class=\"alignnone size-large wp-image-1076\" srcset=\"https:\/\/meine-youngtimer.de\/wp-content\/uploads\/446-1024x681.jpg 1024w, https:\/\/meine-youngtimer.de\/wp-content\/uploads\/446-300x199.jpg 300w, https:\/\/meine-youngtimer.de\/wp-content\/uploads\/446.jpg 2000w\" sizes=\"auto, (max-width: 1024px) 100vw, 1024px\" \/><br \/>\n&nbsp;<br \/>\n&nbsp;<\/p>\n<p><strong>Audi Coupe Quattro Typ 85 von Bastian (Pr\u00e4sentiert im M\u00e4rz 2013)<\/strong><br \/>\nBj. 1985, 2.2l KV 5 Zylinder Motor, Quattro, komplett neu aufgebaut, Neulack, H&#038;R Federn, 15 Zoll Ronal R8 Felgen, elektrische Fensterheber, elektrische Spiegel, Servolenkung, Leder, Zentralverriegelung (nachger\u00fcstet) mit Funk-ZV (unsichtbar), Michele Mouton Edition (gab es eigentlich nie \u2013 wird aber in der Szene so genannt. Der Name Mouton bezog sich damals nur auf das rote Leder), mit gro\u00dfen Schritten auf dem Weg zum H-Kennzeichen.<\/p>\n<p><img loading=\"lazy\" decoding=\"async\" width=\"1024\" height=\"768\" src=\"http:\/\/www.meine-youngtimer.de\/wp-content\/uploads\/180-1024x768.jpg\"  title=\"\" class=\"alignnone size-large wp-image-1060\" srcset=\"https:\/\/meine-youngtimer.de\/wp-content\/uploads\/180-1024x768.jpg 1024w, https:\/\/meine-youngtimer.de\/wp-content\/uploads\/180-300x225.jpg 300w, https:\/\/meine-youngtimer.de\/wp-content\/uploads\/180.jpg 1800w\" sizes=\"auto, (max-width: 1024px) 100vw, 1024px\" \/><br \/>\n<img loading=\"lazy\" decoding=\"async\" width=\"1024\" height=\"768\" src=\"http:\/\/www.meine-youngtimer.de\/wp-content\/uploads\/254-1024x768.jpg\"  title=\"\" class=\"alignnone size-large wp-image-1061\" srcset=\"https:\/\/meine-youngtimer.de\/wp-content\/uploads\/254-1024x768.jpg 1024w, https:\/\/meine-youngtimer.de\/wp-content\/uploads\/254-300x225.jpg 300w, https:\/\/meine-youngtimer.de\/wp-content\/uploads\/254.jpg 1800w\" sizes=\"auto, (max-width: 1024px) 100vw, 1024px\" \/><br \/>\n<img loading=\"lazy\" decoding=\"async\" width=\"1024\" height=\"768\" src=\"http:\/\/www.meine-youngtimer.de\/wp-content\/uploads\/350-1024x768.jpg\"  title=\"\" class=\"alignnone size-large wp-image-1062\" srcset=\"https:\/\/meine-youngtimer.de\/wp-content\/uploads\/350-1024x768.jpg 1024w, https:\/\/meine-youngtimer.de\/wp-content\/uploads\/350-300x225.jpg 300w, https:\/\/meine-youngtimer.de\/wp-content\/uploads\/350.jpg 1800w\" sizes=\"auto, (max-width: 1024px) 100vw, 1024px\" \/><br \/>\n<img loading=\"lazy\" decoding=\"async\" width=\"1024\" height=\"768\" src=\"http:\/\/www.meine-youngtimer.de\/wp-content\/uploads\/445-1024x768.jpg\"  title=\"\" class=\"alignnone size-large wp-image-1059\" srcset=\"https:\/\/meine-youngtimer.de\/wp-content\/uploads\/445-1024x768.jpg 1024w, https:\/\/meine-youngtimer.de\/wp-content\/uploads\/445-300x225.jpg 300w, https:\/\/meine-youngtimer.de\/wp-content\/uploads\/445.jpg 1800w\" sizes=\"auto, (max-width: 1024px) 100vw, 1024px\" \/><br \/>\n&nbsp;<br \/>\n&nbsp;<\/p>\n<p><strong>VW Golf 1 GTI von Simon aus Koblenz (Pr\u00e4sentiert im Februar 2013)<\/strong><br \/>\nSonderausstattung \u201ePirelli\u201c  (W65), Bj. 05.06.1983, Motor 1.8l DX mit 112PS, 112000 km, Gewindefahrwerk. Habe das Dach wegen Rost erneuert und lackiert, Sto\u00dfstangen und Verbreiterungen wurden wegen Steinschlag auch neu lackiert. Der GTI ist in der n\u00e4chsten &#8222;VW-Scene 04\/13&#8220; abgebildet.<\/p>\n<p><img loading=\"lazy\" decoding=\"async\" width=\"1024\" height=\"682\" src=\"http:\/\/www.meine-youngtimer.de\/wp-content\/uploads\/179-1024x682.jpg\"  title=\"\" class=\"alignnone size-large wp-image-1051\" srcset=\"https:\/\/meine-youngtimer.de\/wp-content\/uploads\/179-1024x682.jpg 1024w, https:\/\/meine-youngtimer.de\/wp-content\/uploads\/179-300x200.jpg 300w\" sizes=\"auto, (max-width: 1024px) 100vw, 1024px\" \/><br \/>\n<img loading=\"lazy\" decoding=\"async\" width=\"1024\" height=\"682\" src=\"http:\/\/www.meine-youngtimer.de\/wp-content\/uploads\/253-1024x682.jpg\"  title=\"\" class=\"alignnone size-large wp-image-1052\" srcset=\"https:\/\/meine-youngtimer.de\/wp-content\/uploads\/253-1024x682.jpg 1024w, https:\/\/meine-youngtimer.de\/wp-content\/uploads\/253-300x200.jpg 300w\" sizes=\"auto, (max-width: 1024px) 100vw, 1024px\" \/><br \/>\n<img loading=\"lazy\" decoding=\"async\" width=\"1024\" height=\"682\" src=\"http:\/\/www.meine-youngtimer.de\/wp-content\/uploads\/349-1024x682.jpg\"  title=\"\" class=\"alignnone size-large wp-image-1055\" srcset=\"https:\/\/meine-youngtimer.de\/wp-content\/uploads\/349-1024x682.jpg 1024w, https:\/\/meine-youngtimer.de\/wp-content\/uploads\/349-300x200.jpg 300w\" sizes=\"auto, (max-width: 1024px) 100vw, 1024px\" \/><br \/>\n<img loading=\"lazy\" decoding=\"async\" width=\"1024\" height=\"682\" src=\"http:\/\/www.meine-youngtimer.de\/wp-content\/uploads\/444-1024x682.jpg\"  title=\"\" class=\"alignnone size-large wp-image-1054\" srcset=\"https:\/\/meine-youngtimer.de\/wp-content\/uploads\/444-1024x682.jpg 1024w, https:\/\/meine-youngtimer.de\/wp-content\/uploads\/444-300x200.jpg 300w\" sizes=\"auto, (max-width: 1024px) 100vw, 1024px\" \/><br \/>\n<img loading=\"lazy\" decoding=\"async\" width=\"1024\" height=\"683\" src=\"http:\/\/www.meine-youngtimer.de\/wp-content\/uploads\/536-1024x683.jpg\"  title=\"\" class=\"alignnone size-large wp-image-1056\" srcset=\"https:\/\/meine-youngtimer.de\/wp-content\/uploads\/536-1024x683.jpg 1024w, https:\/\/meine-youngtimer.de\/wp-content\/uploads\/536-300x200.jpg 300w, https:\/\/meine-youngtimer.de\/wp-content\/uploads\/536.jpg 2000w\" sizes=\"auto, (max-width: 1024px) 100vw, 1024px\" \/><br \/>\n&nbsp;<br \/>\n&nbsp;<\/p>\n<p><strong>Audi Coupe Typ 81 von Frank aus Bottrop (Pr\u00e4sentiert im Januar 2013)<\/strong><br \/>\nBj. 1985, 2.0l JS 5 Zylinder Motor, Edelstahlabgasanlage von KER-Innovatec, Neulack, Motorraum entrostet und teilweise pulverbeschichtet, KW Fahrwerk mit Nutenverstellung, im Winter folgten dann noch neue Querlenker, \u00d6lwanne pulverbeschichtet, Motor- und Getriebelager wurden erneuert, die Vorderachse und Aggregatetr\u00e4ger wurden gestrahlt und lackiert, auch wurde ein Alu-Luftfilterkasten vom Urquattro eingebaut, es folgten eine Servolenkung, Zentralverriegelung, elektrische Spiegel sowie elektrische Fensterheber, alles nat\u00fcrlich mit Originalteilen. Irgendwann soll das Coupe ja schlie\u00dflich auch ein H-Kennzeichen bekommen.<\/p>\n<p><img loading=\"lazy\" decoding=\"async\" width=\"1024\" height=\"768\" src=\"http:\/\/www.meine-youngtimer.de\/wp-content\/uploads\/178-1024x768.jpg\"  title=\"\" class=\"alignnone size-large wp-image-1007\" srcset=\"https:\/\/meine-youngtimer.de\/wp-content\/uploads\/178-1024x768.jpg 1024w, https:\/\/meine-youngtimer.de\/wp-content\/uploads\/178-300x225.jpg 300w, https:\/\/meine-youngtimer.de\/wp-content\/uploads\/178.jpg 1280w\" sizes=\"auto, (max-width: 1024px) 100vw, 1024px\" \/><br \/>\n<img loading=\"lazy\" decoding=\"async\" width=\"1024\" height=\"768\" src=\"http:\/\/www.meine-youngtimer.de\/wp-content\/uploads\/252-1024x768.jpg\"  title=\"\" class=\"alignnone size-large wp-image-1008\" srcset=\"https:\/\/meine-youngtimer.de\/wp-content\/uploads\/252-1024x768.jpg 1024w, https:\/\/meine-youngtimer.de\/wp-content\/uploads\/252-300x225.jpg 300w, https:\/\/meine-youngtimer.de\/wp-content\/uploads\/252.jpg 1280w\" sizes=\"auto, (max-width: 1024px) 100vw, 1024px\" \/><br \/>\n<img loading=\"lazy\" decoding=\"async\" width=\"1024\" height=\"768\" src=\"http:\/\/www.meine-youngtimer.de\/wp-content\/uploads\/348-1024x768.jpg\"  title=\"\" class=\"alignnone size-large wp-image-1009\" srcset=\"https:\/\/meine-youngtimer.de\/wp-content\/uploads\/348-1024x768.jpg 1024w, https:\/\/meine-youngtimer.de\/wp-content\/uploads\/348-300x225.jpg 300w, https:\/\/meine-youngtimer.de\/wp-content\/uploads\/348.jpg 1280w\" sizes=\"auto, (max-width: 1024px) 100vw, 1024px\" \/><br \/>\n<img loading=\"lazy\" decoding=\"async\" width=\"1024\" height=\"768\" src=\"http:\/\/www.meine-youngtimer.de\/wp-content\/uploads\/443-1024x768.jpg\"  title=\"\" class=\"alignnone size-large wp-image-1010\" srcset=\"https:\/\/meine-youngtimer.de\/wp-content\/uploads\/443-1024x768.jpg 1024w, https:\/\/meine-youngtimer.de\/wp-content\/uploads\/443-300x225.jpg 300w, https:\/\/meine-youngtimer.de\/wp-content\/uploads\/443.jpg 1280w\" sizes=\"auto, (max-width: 1024px) 100vw, 1024px\" \/><br \/>\n<img loading=\"lazy\" decoding=\"async\" width=\"1024\" height=\"768\" src=\"http:\/\/www.meine-youngtimer.de\/wp-content\/uploads\/535-1024x768.jpg\"  title=\"\" class=\"alignnone size-large wp-image-1006\" srcset=\"https:\/\/meine-youngtimer.de\/wp-content\/uploads\/535-1024x768.jpg 1024w, https:\/\/meine-youngtimer.de\/wp-content\/uploads\/535-300x225.jpg 300w, https:\/\/meine-youngtimer.de\/wp-content\/uploads\/535.jpg 1280w\" sizes=\"auto, (max-width: 1024px) 100vw, 1024px\" \/><br \/>\n&nbsp;<br \/>\n&nbsp;<\/p>\n","protected":false},"excerpt":{"rendered":"<p>Ihr habt einen 20-30 Jahre alten Youngtimer und m\u00f6chtet diesen hier pr\u00e4sentieren? Schreibt mir eine Mail \u00fcber das Impressum mit den Daten eures Prachtst\u00fccks. Ist mein Interesse geweckt, werde ich euren schicken Youngtimer hier pr\u00e4sentieren. Ich freue mich auf eure Zuschriften! &nbsp; VW Golf 2 GTI 16V von Thorsten aus Dortmund (Pr\u00e4sentiert im November 2014) [&hellip;]<\/p>\n","protected":false},"author":1,"featured_media":0,"parent":0,"menu_order":0,"comment_status":"open","ping_status":"open","template":"full-width.php","meta":{"footnotes":""},"class_list":["post-16","page","type-page","status-publish","hentry"],"_links":{"self":[{"href":"https:\/\/www.meine-youngtimer.de\/index.php?rest_route=\/wp\/v2\/pages\/16","targetHints":{"allow":["GET"]}}],"collection":[{"href":"https:\/\/www.meine-youngtimer.de\/index.php?rest_route=\/wp\/v2\/pages"}],"about":[{"href":"https:\/\/www.meine-youngtimer.de\/index.php?rest_route=\/wp\/v2\/types\/page"}],"author":[{"embeddable":true,"href":"https:\/\/www.meine-youngtimer.de\/index.php?rest_route=\/wp\/v2\/users\/1"}],"replies":[{"embeddable":true,"href":"https:\/\/www.meine-youngtimer.de\/index.php?rest_route=%2Fwp%2Fv2%2Fcomments&post=16"}],"version-history":[{"count":43,"href":"https:\/\/www.meine-youngtimer.de\/index.php?rest_route=\/wp\/v2\/pages\/16\/revisions"}],"predecessor-version":[{"id":170,"href":"https:\/\/www.meine-youngtimer.de\/index.php?rest_route=\/wp\/v2\/pages\/16\/revisions\/170"}],"wp:attachment":[{"href":"https:\/\/www.meine-youngtimer.de\/index.php?rest_route=%2Fwp%2Fv2%2Fmedia&parent=16"}],"curies":[{"name":"wp","href":"https:\/\/api.w.org\/{rel}","templated":true}]}}